{"id":3868,"date":"2025-04-17T19:11:24","date_gmt":"2025-04-17T19:11:24","guid":{"rendered":"https:\/\/holdmin.com\/?page_id=3868"},"modified":"2025-04-17T19:14:45","modified_gmt":"2025-04-17T19:14:45","slug":"estudios-sectoriales","status":"publish","type":"page","link":"https:\/\/holdmin.com\/en\/estudios-sectoriales\/","title":{"rendered":"Sectoral Studies"},"content":{"rendered":"\t\t<div data-elementor-type=\"wp-page\" data-elementor-id=\"3868\" class=\"elementor elementor-3868\" data-elementor-post-type=\"page\">\n\t\t\t\t\t\t<section class=\"elementor-section elementor-top-section elementor-element elementor-element-8cbe032 elementor-section-boxed elementor-section-height-default elementor-section-height-default\" data-id=\"8cbe032\" data-element_type=\"section\" data-e-type=\"section\">\n\t\t\t\t\t\t<div class=\"elementor-container elementor-column-gap-default\">\n\t\t\t\t\t<div class=\"elementor-column elementor-col-100 elementor-top-column elementor-element elementor-element-ec8ba24\" data-id=\"ec8ba24\" data-element_type=\"column\" data-e-type=\"column\">\n\t\t\t<div class=\"elementor-widget-wrap elementor-element-populated\">\n\t\t\t\t\t\t<div class=\"elementor-element elementor-element-1557a6e elementor-widget elementor-widget-text-editor\" data-id=\"1557a6e\" data-element_type=\"widget\" data-e-type=\"widget\" data-widget_type=\"text-editor.default\">\n\t\t\t\t<div class=\"elementor-widget-container\">\n\t\t\t\t\t\t\t\t\t<p>\u00bfComo trabajar el marketing en mi sector?<\/p>\t\t\t\t\t\t\t\t<\/div>\n\t\t\t\t<\/div>\n\t\t\t\t<div class=\"elementor-element elementor-element-770e951 elementor-widget elementor-widget-text-editor\" data-id=\"770e951\" data-element_type=\"widget\" data-e-type=\"widget\" data-widget_type=\"text-editor.default\">\n\t\t\t\t<div class=\"elementor-widget-container\">\n\t\t\t\t\t\t\t\t\t<p><em>Estudios Sectoriales<\/em><\/p>\t\t\t\t\t\t\t\t<\/div>\n\t\t\t\t<\/div>\n\t\t\t\t<div class=\"elementor-element elementor-element-e9557b1 elementor-widget elementor-widget-text-editor\" data-id=\"e9557b1\" data-element_type=\"widget\" data-e-type=\"widget\" data-widget_type=\"text-editor.default\">\n\t\t\t\t<div class=\"elementor-widget-container\">\n\t\t\t\t\t\t\t\t\t<p>Ideas creativas, consejos pr\u00e1cticos e informaci\u00f3n actualizada sobre el marketing en tu sector.\u00a0<\/p>\t\t\t\t\t\t\t\t<\/div>\n\t\t\t\t<\/div>\n\t\t\t\t\t<\/div>\n\t\t<\/div>\n\t\t\t\t\t<\/div>\n\t\t<\/section>\n\t\t\t\t<section class=\"elementor-section elementor-top-section elementor-element elementor-element-db86e92 elementor-section-boxed elementor-section-height-default elementor-section-height-default\" data-id=\"db86e92\" data-element_type=\"section\" data-e-type=\"section\">\n\t\t\t\t\t\t<div class=\"elementor-container elementor-column-gap-default\">\n\t\t\t\t\t<div class=\"elementor-column elementor-col-100 elementor-top-column elementor-element elementor-element-87c2041\" data-id=\"87c2041\" data-element_type=\"column\" data-e-type=\"column\">\n\t\t\t<div class=\"elementor-widget-wrap elementor-element-populated\">\n\t\t\t\t\t\t<div class=\"elementor-element elementor-element-5a249a0 elementor-posts--thumbnail-top elementor-grid-3 elementor-grid-tablet-2 elementor-grid-mobile-1 elementor-widget elementor-widget-posts\" data-id=\"5a249a0\" data-element_type=\"widget\" data-e-type=\"widget\" data-settings=\"{&quot;custom_columns&quot;:&quot;3&quot;,&quot;custom_columns_tablet&quot;:&quot;2&quot;,&quot;custom_columns_mobile&quot;:&quot;1&quot;,&quot;custom_row_gap&quot;:{&quot;unit&quot;:&quot;px&quot;,&quot;size&quot;:35,&quot;sizes&quot;:[]},&quot;custom_row_gap_tablet&quot;:{&quot;unit&quot;:&quot;px&quot;,&quot;size&quot;:&quot;&quot;,&quot;sizes&quot;:[]},&quot;custom_row_gap_mobile&quot;:{&quot;unit&quot;:&quot;px&quot;,&quot;size&quot;:&quot;&quot;,&quot;sizes&quot;:[]}}\" data-widget_type=\"posts.custom\">\n\t\t\t\t<div class=\"elementor-widget-container\">\n\t\t\t\t\t      <div class=\"ecs-posts elementor-posts-container elementor-posts   elementor-grid elementor-posts--skin-custom\" data-settings=\"{&quot;current_page&quot;:1,&quot;max_num_pages&quot;:1,&quot;load_method&quot;:&quot;&quot;,&quot;widget_id&quot;:&quot;5a249a0&quot;,&quot;post_id&quot;:3868,&quot;theme_id&quot;:3868,&quot;change_url&quot;:false,&quot;reinit_js&quot;:false}\">\n      \t\t<article id=\"post-2205\" class=\"elementor-post elementor-grid-item ecs-post-loop post-2205 post type-post status-publish format-standard has-post-thumbnail hentry category-estudios-sectoriales\">\n\t\t\t\t<div data-elementor-type=\"loop\" data-elementor-id=\"3859\" class=\"elementor elementor-3859 post-2205 post type-post status-publish format-standard has-post-thumbnail hentry category-estudios-sectoriales\" data-elementor-post-type=\"elementor_library\">\n\t\t\t\t\t<section class=\"elementor-section elementor-top-section elementor-element elementor-element-ec1f379 elementor-section-boxed elementor-section-height-default elementor-section-height-default\" data-id=\"ec1f379\" data-element_type=\"section\" data-e-type=\"section\">\n\t\t\t\t\t\t<div class=\"elementor-container elementor-column-gap-default\">\n\t\t\t\t\t<div class=\"elementor-column elementor-col-100 elementor-top-column elementor-element elementor-element-07bb272\" data-id=\"07bb272\" data-element_type=\"column\" data-e-type=\"column\">\n\t\t\t<div class=\"elementor-widget-wrap elementor-element-populated\">\n\t\t\t\t\t\t<div class=\"elementor-element elementor-element-5c78b21 elementor-widget elementor-widget-theme-post-featured-image elementor-widget-image\" data-id=\"5c78b21\" data-element_type=\"widget\" data-e-type=\"widget\" data-widget_type=\"theme-post-featured-image.default\">\n\t\t\t\t<div class=\"elementor-widget-container\">\n\t\t\t\t\t\t\t\t\t\t\t\t\t\t\t\t<a href=\"https:\/\/holdmin.com\/en\/como-trabajar-el-marketing-digital-en-el-sector-medico-estetico\/\">\n\t\t\t\t\t\t\t<img decoding=\"async\" src=\"https:\/\/holdmin.com\/wp-content\/uploads\/elementor\/thumbs\/84816-qpldn1ljr89y4190rrfwh3um9uc1gnpz6c0hnnlro2.jpg\" title=\"84816\" alt=\"84816\" loading=\"lazy\" \/>\t\t\t\t\t\t\t\t<\/a>\n\t\t\t\t\t\t\t\t\t\t\t\t\t\t\t<\/div>\n\t\t\t\t<\/div>\n\t\t\t\t\t<\/div>\n\t\t<\/div>\n\t\t\t\t\t<\/div>\n\t\t<\/section>\n\t\t\t\t<section class=\"elementor-section elementor-top-section elementor-element elementor-element-a6c8a76 elementor-section-boxed elementor-section-height-default elementor-section-height-default\" data-id=\"a6c8a76\" data-element_type=\"section\" data-e-type=\"section\">\n\t\t\t\t\t\t<div class=\"elementor-container elementor-column-gap-default\">\n\t\t\t\t\t<div class=\"elementor-column elementor-col-100 elementor-top-column elementor-element elementor-element-5635f75\" data-id=\"5635f75\" data-element_type=\"column\" data-e-type=\"column\">\n\t\t\t<div class=\"elementor-widget-wrap elementor-element-populated\">\n\t\t\t\t\t\t<div class=\"elementor-element elementor-element-ddbcd91 elementor-widget__width-auto elementor-widget elementor-widget-post-info\" data-id=\"ddbcd91\" data-element_type=\"widget\" data-e-type=\"widget\" data-widget_type=\"post-info.default\">\n\t\t\t\t<div class=\"elementor-widget-container\">\n\t\t\t\t\t\t\t<ul class=\"elementor-inline-items elementor-icon-list-items elementor-post-info\">\n\t\t\t\t\t\t\t\t<li class=\"elementor-icon-list-item elementor-repeater-item-d0e036f elementor-inline-item\" itemprop=\"about\">\n\t\t\t\t\t\t\t\t\t\t\t\t\t<span class=\"elementor-icon-list-text elementor-post-info__item elementor-post-info__item--type-terms\">\n\t\t\t\t\t\t\t\t\t\t<span class=\"elementor-post-info__terms-list\">\n\t\t\t\t<a href=\"https:\/\/holdmin.com\/en\/category\/estudios-sectoriales\/\" class=\"elementor-post-info__terms-list-item\">Estudios Sectoriales<\/a>\t\t\t\t<\/span>\n\t\t\t\t\t<\/span>\n\t\t\t\t\t\t\t\t<\/li>\n\t\t\t\t<\/ul>\n\t\t\t\t\t\t<\/div>\n\t\t\t\t<\/div>\n\t\t\t\t<div class=\"elementor-element elementor-element-cdd859e elementor-widget elementor-widget-theme-post-title elementor-page-title elementor-widget-heading\" data-id=\"cdd859e\" data-element_type=\"widget\" data-e-type=\"widget\" data-widget_type=\"theme-post-title.default\">\n\t\t\t\t<div class=\"elementor-widget-container\">\n\t\t\t\t\t<p class=\"elementor-heading-title elementor-size-default\"><a href=\"https:\/\/holdmin.com\/en\/como-trabajar-el-marketing-digital-en-el-sector-medico-estetico\/\">C\u00f3mo trabajar el marketing digital en el sector m\u00e9dico\/est\u00e9tico<\/a><\/p>\t\t\t\t<\/div>\n\t\t\t\t<\/div>\n\t\t\t\t<div class=\"elementor-element elementor-element-e9d54c0 elementor-widget elementor-widget-theme-post-excerpt\" data-id=\"e9d54c0\" data-element_type=\"widget\" data-e-type=\"widget\" data-widget_type=\"theme-post-excerpt.default\">\n\t\t\t\t<div class=\"elementor-widget-container\">\n\t\t\t\t\tEl sector de la medicina est\u00e9tica en Espa\u00f1a vive un momento de auge, impulsado\t\t\t\t<\/div>\n\t\t\t\t<\/div>\n\t\t\t\t\t<\/div>\n\t\t<\/div>\n\t\t\t\t\t<\/div>\n\t\t<\/section>\n\t\t\t\t<\/div>\n\t\t\t\t<\/article>\n\t\t\t\t<\/div>\n\t\t\t\t\t\t<\/div>\n\t\t\t\t<\/div>\n\t\t\t\t\t<\/div>\n\t\t<\/div>\n\t\t\t\t\t<\/div>\n\t\t<\/section>\n\t\t\t\t<section class=\"elementor-section elementor-top-section elementor-element elementor-element-af3163b elementor-section-boxed elementor-section-height-default elementor-section-height-default\" data-id=\"af3163b\" data-element_type=\"section\" data-e-type=\"section\" data-settings=\"{&quot;background_background&quot;:&quot;classic&quot;}\">\n\t\t\t\t\t\t<div class=\"elementor-container elementor-column-gap-default\">\n\t\t\t\t\t<div class=\"elementor-column elementor-col-100 elementor-top-column elementor-element elementor-element-8218648\" data-id=\"8218648\" data-element_type=\"column\" data-e-type=\"column\" data-settings=\"{&quot;background_background&quot;:&quot;classic&quot;}\">\n\t\t\t<div class=\"elementor-widget-wrap elementor-element-populated\">\n\t\t\t\t\t\t<div class=\"elementor-element elementor-element-af44b30 elementor-widget elementor-widget-text-editor\" data-id=\"af44b30\" data-element_type=\"widget\" data-e-type=\"widget\" data-widget_type=\"text-editor.default\">\n\t\t\t\t<div class=\"elementor-widget-container\">\n\t\t\t\t\t\t\t\t\tSUBSCR\u00cdBETE\t\t\t\t\t\t\t\t<\/div>\n\t\t\t\t<\/div>\n\t\t\t\t<div class=\"elementor-element elementor-element-34184e3 elementor-widget elementor-widget-text-editor\" data-id=\"34184e3\" data-element_type=\"widget\" data-e-type=\"widget\" data-widget_type=\"text-editor.default\">\n\t\t\t\t<div class=\"elementor-widget-container\">\n\t\t\t\t\t\t\t\t\t<p><em>The Holdmin Brief<\/em><\/p>\t\t\t\t\t\t\t\t<\/div>\n\t\t\t\t<\/div>\n\t\t\t\t<div class=\"elementor-element elementor-element-4e0d71a elementor-widget elementor-widget-text-editor\" data-id=\"4e0d71a\" data-element_type=\"widget\" data-e-type=\"widget\" data-widget_type=\"text-editor.default\">\n\t\t\t\t<div class=\"elementor-widget-container\">\n\t\t\t\t\t\t\t\t\tDonde empresarios y marketers descubren los \u00faltimos eventos, art\u00edculos e insights que est\u00e1n generando inter\u00e9s en toda la industria.\t\t\t\t\t\t\t\t<\/div>\n\t\t\t\t<\/div>\n\t\t\t\t<div class=\"elementor-element elementor-element-037e42f elementor-button-align-stretch elementor-widget elementor-widget-form\" data-id=\"037e42f\" data-element_type=\"widget\" data-e-type=\"widget\" data-settings=\"{&quot;step_next_label&quot;:&quot;Siguiente&quot;,&quot;step_previous_label&quot;:&quot;Anterior&quot;,&quot;button_width&quot;:&quot;30&quot;,&quot;step_type&quot;:&quot;number_text&quot;,&quot;step_icon_shape&quot;:&quot;circle&quot;}\" data-widget_type=\"form.default\">\n\t\t\t\t<div class=\"elementor-widget-container\">\n\t\t\t\t\t\t\t<form class=\"elementor-form\" method=\"post\" name=\"Nuevo formulario\" aria-label=\"Nuevo formulario\">\n\t\t\t<input type=\"hidden\" name=\"post_id\" value=\"3868\"\/>\n\t\t\t<input type=\"hidden\" name=\"form_id\" value=\"037e42f\"\/>\n\t\t\t<input type=\"hidden\" name=\"referer_title\" value=\"Holdmin \u00ae\" \/>\n\n\t\t\t\n\t\t\t<div class=\"elementor-form-fields-wrapper elementor-labels-\">\n\t\t\t\t\t\t\t\t<div class=\"elementor-field-type-email elementor-field-group elementor-column elementor-field-group-email elementor-col-60 elementor-field-required\">\n\t\t\t\t\t\t\t\t\t\t\t\t<label for=\"form-field-email\" class=\"elementor-field-label elementor-screen-only\">\n\t\t\t\t\t\t\t\tCorreo electr\u00f3nico\t\t\t\t\t\t\t<\/label>\n\t\t\t\t\t\t\t\t\t\t\t\t\t\t<input size=\"1\" type=\"email\" name=\"form_fields[email]\" id=\"form-field-email\" class=\"elementor-field elementor-size-sm  elementor-field-textual\" placeholder=\"Correo electr\u00f3nico\" required=\"required\">\n\t\t\t\t\t\t\t\t\t\t\t<\/div>\n\t\t\t\t\t\t\t\t<div class=\"elementor-field-group elementor-column elementor-field-type-submit elementor-col-30 e-form__buttons\">\n\t\t\t\t\t<button class=\"elementor-button elementor-size-sm\" type=\"submit\">\n\t\t\t\t\t\t<span class=\"elementor-button-content-wrapper\">\n\t\t\t\t\t\t\t\t\t\t\t\t\t\t\t\t\t\t\t\t\t\t<span class=\"elementor-button-text\">Subscr\u00edbete<\/span>\n\t\t\t\t\t\t\t\t\t\t\t\t\t<\/span>\n\t\t\t\t\t<\/button>\n\t\t\t\t<\/div>\n\t\t\t<\/div>\n\t\t<\/form>\n\t\t\t\t\t\t<\/div>\n\t\t\t\t<\/div>\n\t\t\t\t\t<\/div>\n\t\t<\/div>\n\t\t\t\t\t<\/div>\n\t\t<\/section>\n\t\t\t\t<\/div>\n\t\t","protected":false},"excerpt":{"rendered":"<p>How to implement marketing in my sector? Industry Studies: Creative ideas, practical advice, and up-to-date information on marketing in your industry. SUBSCRIBE TO The Holdmin Brief: Where entrepreneurs and marketers discover the latest events, articles, and insights that are generating interest across the industry.<\/p>","protected":false},"author":1,"featured_media":0,"parent":0,"menu_order":0,"comment_status":"closed","ping_status":"closed","template":"","meta":{"inline_featured_image":false,"footnotes":""},"class_list":["post-3868","page","type-page","status-publish","hentry"],"yoast_head":"<!-- This site is optimized with the Yoast SEO plugin v27.4 - https:\/\/yoast.com\/product\/yoast-seo-wordpress\/ -->\n<title>Estudios Sectoriales - Holdmin \u00ae<\/title>\n<meta name=\"robots\" content=\"index, follow, max-snippet:-1, max-image-preview:large, max-video-preview:-1\" \/>\n<link rel=\"canonical\" href=\"https:\/\/holdmin.com\/en\/estudios-sectoriales\/\" \/>\n<meta property=\"og:locale\" content=\"en_US\" \/>\n<meta property=\"og:type\" content=\"article\" \/>\n<meta property=\"og:title\" content=\"Estudios Sectoriales - Holdmin \u00ae\" \/>\n<meta property=\"og:description\" content=\"\u00bfComo trabajar el marketing en mi sector? Estudios Sectoriales Ideas creativas, consejos pr\u00e1cticos e informaci\u00f3n actualizada sobre el marketing en tu sector.\u00a0 SUBSCR\u00cdBETE The Holdmin Brief Donde empresarios y marketers descubren los \u00faltimos eventos, art\u00edculos e insights que est\u00e1n generando inter\u00e9s en toda la industria.\" \/>\n<meta property=\"og:url\" content=\"https:\/\/holdmin.com\/en\/estudios-sectoriales\/\" \/>\n<meta property=\"og:site_name\" content=\"Holdmin \u00ae\" \/>\n<meta property=\"article:modified_time\" content=\"2025-04-17T19:14:45+00:00\" \/>\n<meta name=\"twitter:card\" content=\"summary_large_image\" \/>\n<meta name=\"twitter:label1\" content=\"Est. reading time\" \/>\n\t<meta name=\"twitter:data1\" content=\"2 minutes\" \/>\n<script type=\"application\/ld+json\" class=\"yoast-schema-graph\">{\"@context\":\"https:\\\/\\\/schema.org\",\"@graph\":[{\"@type\":\"WebPage\",\"@id\":\"https:\\\/\\\/holdmin.com\\\/estudios-sectoriales\\\/\",\"url\":\"https:\\\/\\\/holdmin.com\\\/estudios-sectoriales\\\/\",\"name\":\"Estudios Sectoriales - Holdmin \u00ae\",\"isPartOf\":{\"@id\":\"https:\\\/\\\/holdmin.com\\\/#website\"},\"datePublished\":\"2025-04-17T19:11:24+00:00\",\"dateModified\":\"2025-04-17T19:14:45+00:00\",\"breadcrumb\":{\"@id\":\"https:\\\/\\\/holdmin.com\\\/estudios-sectoriales\\\/#breadcrumb\"},\"inLanguage\":\"en-US\",\"potentialAction\":[{\"@type\":\"ReadAction\",\"target\":[\"https:\\\/\\\/holdmin.com\\\/estudios-sectoriales\\\/\"]}]},{\"@type\":\"BreadcrumbList\",\"@id\":\"https:\\\/\\\/holdmin.com\\\/estudios-sectoriales\\\/#breadcrumb\",\"itemListElement\":[{\"@type\":\"ListItem\",\"position\":1,\"name\":\"Portada\",\"item\":\"https:\\\/\\\/holdmin.com\\\/\"},{\"@type\":\"ListItem\",\"position\":2,\"name\":\"Estudios Sectoriales\"}]},{\"@type\":\"WebSite\",\"@id\":\"https:\\\/\\\/holdmin.com\\\/#website\",\"url\":\"https:\\\/\\\/holdmin.com\\\/\",\"name\":\"Holdmin \u00ae\",\"description\":\"Consultor\u00eda de Negocios para Empresas, PYMEs y Aut\u00f3nomos\",\"publisher\":{\"@id\":\"https:\\\/\\\/holdmin.com\\\/#organization\"},\"potentialAction\":[{\"@type\":\"SearchAction\",\"target\":{\"@type\":\"EntryPoint\",\"urlTemplate\":\"https:\\\/\\\/holdmin.com\\\/?s={search_term_string}\"},\"query-input\":{\"@type\":\"PropertyValueSpecification\",\"valueRequired\":true,\"valueName\":\"search_term_string\"}}],\"inLanguage\":\"en-US\"},{\"@type\":\"Organization\",\"@id\":\"https:\\\/\\\/holdmin.com\\\/#organization\",\"name\":\"Holdmin \u00ae\",\"url\":\"https:\\\/\\\/holdmin.com\\\/\",\"logo\":{\"@type\":\"ImageObject\",\"inLanguage\":\"en-US\",\"@id\":\"https:\\\/\\\/holdmin.com\\\/#\\\/schema\\\/logo\\\/image\\\/\",\"url\":\"https:\\\/\\\/holdmin.com\\\/wp-content\\\/uploads\\\/2023\\\/06\\\/Mesa-de-trabajo-14.svg\",\"contentUrl\":\"https:\\\/\\\/holdmin.com\\\/wp-content\\\/uploads\\\/2023\\\/06\\\/Mesa-de-trabajo-14.svg\",\"width\":987,\"height\":270,\"caption\":\"Holdmin \u00ae\"},\"image\":{\"@id\":\"https:\\\/\\\/holdmin.com\\\/#\\\/schema\\\/logo\\\/image\\\/\"}}]}<\/script>\n<!-- \/ Yoast SEO plugin. -->","yoast_head_json":{"title":"Estudios Sectoriales - Holdmin \u00ae","robots":{"index":"index","follow":"follow","max-snippet":"max-snippet:-1","max-image-preview":"max-image-preview:large","max-video-preview":"max-video-preview:-1"},"canonical":"https:\/\/holdmin.com\/en\/estudios-sectoriales\/","og_locale":"en_US","og_type":"article","og_title":"Estudios Sectoriales - Holdmin \u00ae","og_description":"\u00bfComo trabajar el marketing en mi sector? Estudios Sectoriales Ideas creativas, consejos pr\u00e1cticos e informaci\u00f3n actualizada sobre el marketing en tu sector.\u00a0 SUBSCR\u00cdBETE The Holdmin Brief Donde empresarios y marketers descubren los \u00faltimos eventos, art\u00edculos e insights que est\u00e1n generando inter\u00e9s en toda la industria.","og_url":"https:\/\/holdmin.com\/en\/estudios-sectoriales\/","og_site_name":"Holdmin \u00ae","article_modified_time":"2025-04-17T19:14:45+00:00","twitter_card":"summary_large_image","twitter_misc":{"Est. reading time":"2 minutes"},"schema":{"@context":"https:\/\/schema.org","@graph":[{"@type":"WebPage","@id":"https:\/\/holdmin.com\/estudios-sectoriales\/","url":"https:\/\/holdmin.com\/estudios-sectoriales\/","name":"Estudios Sectoriales - Holdmin \u00ae","isPartOf":{"@id":"https:\/\/holdmin.com\/#website"},"datePublished":"2025-04-17T19:11:24+00:00","dateModified":"2025-04-17T19:14:45+00:00","breadcrumb":{"@id":"https:\/\/holdmin.com\/estudios-sectoriales\/#breadcrumb"},"inLanguage":"en-US","potentialAction":[{"@type":"ReadAction","target":["https:\/\/holdmin.com\/estudios-sectoriales\/"]}]},{"@type":"BreadcrumbList","@id":"https:\/\/holdmin.com\/estudios-sectoriales\/#breadcrumb","itemListElement":[{"@type":"ListItem","position":1,"name":"Portada","item":"https:\/\/holdmin.com\/"},{"@type":"ListItem","position":2,"name":"Estudios Sectoriales"}]},{"@type":"WebSite","@id":"https:\/\/holdmin.com\/#website","url":"https:\/\/holdmin.com\/","name":"Holdmin \u00ae","description":"Business Consulting for Companies, SMEs and the Self-Employed","publisher":{"@id":"https:\/\/holdmin.com\/#organization"},"potentialAction":[{"@type":"SearchAction","target":{"@type":"EntryPoint","urlTemplate":"https:\/\/holdmin.com\/?s={search_term_string}"},"query-input":{"@type":"PropertyValueSpecification","valueRequired":true,"valueName":"search_term_string"}}],"inLanguage":"en-US"},{"@type":"Organization","@id":"https:\/\/holdmin.com\/#organization","name":"Holdmin \u00ae","url":"https:\/\/holdmin.com\/","logo":{"@type":"ImageObject","inLanguage":"en-US","@id":"https:\/\/holdmin.com\/#\/schema\/logo\/image\/","url":"https:\/\/holdmin.com\/wp-content\/uploads\/2023\/06\/Mesa-de-trabajo-14.svg","contentUrl":"https:\/\/holdmin.com\/wp-content\/uploads\/2023\/06\/Mesa-de-trabajo-14.svg","width":987,"height":270,"caption":"Holdmin \u00ae"},"image":{"@id":"https:\/\/holdmin.com\/#\/schema\/logo\/image\/"}}]}},"_links":{"self":[{"href":"https:\/\/holdmin.com\/en\/wp-json\/wp\/v2\/pages\/3868","targetHints":{"allow":["GET"]}}],"collection":[{"href":"https:\/\/holdmin.com\/en\/wp-json\/wp\/v2\/pages"}],"about":[{"href":"https:\/\/holdmin.com\/en\/wp-json\/wp\/v2\/types\/page"}],"author":[{"embeddable":true,"href":"https:\/\/holdmin.com\/en\/wp-json\/wp\/v2\/users\/1"}],"replies":[{"embeddable":true,"href":"https:\/\/holdmin.com\/en\/wp-json\/wp\/v2\/comments?post=3868"}],"version-history":[{"count":7,"href":"https:\/\/holdmin.com\/en\/wp-json\/wp\/v2\/pages\/3868\/revisions"}],"predecessor-version":[{"id":3876,"href":"https:\/\/holdmin.com\/en\/wp-json\/wp\/v2\/pages\/3868\/revisions\/3876"}],"wp:attachment":[{"href":"https:\/\/holdmin.com\/en\/wp-json\/wp\/v2\/media?parent=3868"}],"curies":[{"name":"wp","href":"https:\/\/api.w.org\/{rel}","templated":true}]}}